{"id":892,"date":"2021-01-26T18:40:26","date_gmt":"2021-01-26T11:40:26","guid":{"rendered":"https:\/\/dongnamtravel.vn\/?page_id=892"},"modified":"2021-01-27T14:27:11","modified_gmt":"2021-01-27T07:27:11","slug":"dich-vu","status":"publish","type":"page","link":"https:\/\/dongnamtravel.vn\/?page_id=892","title":{"rendered":"D\u1ecbch V\u1ee5"},"content":{"rendered":"\t<div id=\"gap-827254962\" class=\"gap-element clearfix\" style=\"display:block; height:auto;\">\n\t\t\n<style>\n#gap-827254962 {\n  padding-top: 30px;\n}\n<\/style>\n\t<\/div>\n\t\n<div class=\"container section-title-container\" ><h3 class=\"section-title section-title-normal\"><b><\/b><span class=\"section-title-main\" >C\u00e1c D\u1ecbch V\u1ee5 Cho Thu\u00ea Xe<\/span><b><\/b><\/h3><\/div>\n<div class=\"row\"  id=\"row-1013374108\">\n\n\t<div id=\"col-182427703\" class=\"col medium-9 small-12 large-9\"  >\n\t\t<div class=\"col-inner\"  >\n\t\t\t\n\t\t\t\n\n  \n    <div class=\"row large-columns-3 medium-columns-1 small-columns-1\">\n  \t\t<div class=\"col post-item\" >\n\t\t\t<div class=\"col-inner\">\n\t\t\t<a href=\"https:\/\/dongnamtravel.vn\/?p=907\" class=\"plain\">\n\t\t\t\t<div class=\"box box-normal box-text-bottom box-blog-post has-hover\">\n            \t\t\t\t\t<div class=\"box-image\" >\n  \t\t\t\t\t\t<div class=\"image-cover\" style=\"padding-top:56.25%;\">\n  \t\t\t\t\t\t\t<img width=\"512\" height=\"342\" src=\"https:\/\/dongnamtravel.vn\/wp-content\/uploads\/2021\/01\/unnamed.jpg\" class=\"attachment-medium size-medium wp-post-image\" alt=\"\" decoding=\"async\" loading=\"lazy\" \/>  \t\t\t\t\t\t\t  \t\t\t\t\t\t\t  \t\t\t\t\t\t<\/div>\n  \t\t\t\t\t\t  \t\t\t\t\t<\/div>\n          \t\t\t\t\t<div class=\"box-text text-left\" >\n\t\t\t\t\t<div class=\"box-text-inner blog-post-inner\">\n\n\t\t\t\t\t\n\t\t\t\t\t\t\t\t\t\t<h5 class=\"post-title is-large \">Taxi Xe D\u1ecbch V\u1ee5 T\u1eeb V\u0169ng T\u00e0u \u0110i Ch\u00e2u \u0110\u1ee9c (B\u00e0 R\u1ecba)<\/h5>\n\t\t\t\t\t\t\t\t\t\t<div class=\"is-divider\"><\/div>\n\t\t\t\t\t\t\t\t\t\t<p class=\"from_the_blog_excerpt \">B\u1ea3ng gi\u00e1 Taxi d\u1ecbch v\u1ee5 xe 7 ch\u1ed7 \u0111i Ch\u00e2u \u0110\u1ee9c (B\u00e0 R\u1ecba) Ch\u00fang t\u00f4i...\t\t\t\t\t<\/p>\n\t\t\t\t\t                    \n\t\t\t\t\t\n\t\t\t\t\t\n\t\t\t\t\t<\/div>\n\t\t\t\t\t<\/div>\n\t\t\t\t\t\t\t\t\t<\/div>\n\t\t\t\t<\/a>\n\t\t\t<\/div>\n\t\t<\/div>\n\t\t<div class=\"col post-item\" >\n\t\t\t<div class=\"col-inner\">\n\t\t\t<a href=\"https:\/\/dongnamtravel.vn\/?p=905\" class=\"plain\">\n\t\t\t\t<div class=\"box box-normal box-text-bottom box-blog-post has-hover\">\n            \t\t\t\t\t<div class=\"box-image\" >\n  \t\t\t\t\t\t<div class=\"image-cover\" style=\"padding-top:56.25%;\">\n  \t\t\t\t\t\t\t<img width=\"575\" height=\"330\" src=\"https:\/\/dongnamtravel.vn\/wp-content\/uploads\/2021\/01\/vung-tau.jpg\" class=\"attachment-medium size-medium wp-post-image\" alt=\"\" decoding=\"async\" loading=\"lazy\" \/>  \t\t\t\t\t\t\t  \t\t\t\t\t\t\t  \t\t\t\t\t\t<\/div>\n  \t\t\t\t\t\t  \t\t\t\t\t<\/div>\n          \t\t\t\t\t<div class=\"box-text text-left\" >\n\t\t\t\t\t<div class=\"box-text-inner blog-post-inner\">\n\n\t\t\t\t\t\n\t\t\t\t\t\t\t\t\t\t<h5 class=\"post-title is-large \">Taxi Xe D\u1ecbch V\u1ee5 T\u1eeb V\u0169ng T\u00e0u \u0110i H\u1ed3 Tr\u00e0m (Xuy\u00ean M\u1ed9c)<\/h5>\n\t\t\t\t\t\t\t\t\t\t<div class=\"is-divider\"><\/div>\n\t\t\t\t\t\t\t\t\t\t<p class=\"from_the_blog_excerpt \">B\u1ea3ng gi\u00e1 Taxi d\u1ecbch v\u1ee5 xe 7 ch\u1ed7 \u0111i H\u1ed3 Tr\u00e0m (Xuy\u00ean M\u1ed9c) Ch\u00fang t\u00f4i...\t\t\t\t\t<\/p>\n\t\t\t\t\t                    \n\t\t\t\t\t\n\t\t\t\t\t\n\t\t\t\t\t<\/div>\n\t\t\t\t\t<\/div>\n\t\t\t\t\t\t\t\t\t<\/div>\n\t\t\t\t<\/a>\n\t\t\t<\/div>\n\t\t<\/div>\n\t\t<div class=\"col post-item\" >\n\t\t\t<div class=\"col-inner\">\n\t\t\t<a href=\"https:\/\/dongnamtravel.vn\/?p=900\" class=\"plain\">\n\t\t\t\t<div class=\"box box-normal box-text-bottom box-blog-post has-hover\">\n            \t\t\t\t\t<div class=\"box-image\" >\n  \t\t\t\t\t\t<div class=\"image-cover\" style=\"padding-top:56.25%;\">\n  \t\t\t\t\t\t\t<img width=\"600\" height=\"399\" src=\"https:\/\/dongnamtravel.vn\/wp-content\/uploads\/2021\/01\/dong-cuu-suoi-nghe-dia-diem-check-in-chup-anh-sieu-hot-o-vung-tau-5496-1511947769-5a1e7df9814d9.jpg\" class=\"attachment-medium size-medium wp-post-image\" alt=\"\" decoding=\"async\" loading=\"lazy\" \/>  \t\t\t\t\t\t\t  \t\t\t\t\t\t\t  \t\t\t\t\t\t<\/div>\n  \t\t\t\t\t\t  \t\t\t\t\t<\/div>\n          \t\t\t\t\t<div class=\"box-text text-left\" >\n\t\t\t\t\t<div class=\"box-text-inner blog-post-inner\">\n\n\t\t\t\t\t\n\t\t\t\t\t\t\t\t\t\t<h5 class=\"post-title is-large \">Taxi Xe D\u1ecbch V\u1ee5 T\u1eeb V\u0169ng T\u00e0u \u0110i Su\u1ed1i Ngh\u1ec7 (B\u00e0 R\u1ecba)<\/h5>\n\t\t\t\t\t\t\t\t\t\t<div class=\"is-divider\"><\/div>\n\t\t\t\t\t\t\t\t\t\t<p class=\"from_the_blog_excerpt \">B\u1ea3ng gi\u00e1 Taxi d\u1ecbch v\u1ee5 xe 7 ch\u1ed7 \u0111i Su\u1ed1i Ngh\u1ec7 (B\u00e0 R\u1ecba) Ch\u00fang t\u00f4i...\t\t\t\t\t<\/p>\n\t\t\t\t\t                    \n\t\t\t\t\t\n\t\t\t\t\t\n\t\t\t\t\t<\/div>\n\t\t\t\t\t<\/div>\n\t\t\t\t\t\t\t\t\t<\/div>\n\t\t\t\t<\/a>\n\t\t\t<\/div>\n\t\t<\/div>\n\t\t<div class=\"col post-item\" >\n\t\t\t<div class=\"col-inner\">\n\t\t\t<a href=\"https:\/\/dongnamtravel.vn\/?p=898\" class=\"plain\">\n\t\t\t\t<div class=\"box box-normal box-text-bottom box-blog-post has-hover\">\n            \t\t\t\t\t<div class=\"box-image\" >\n  \t\t\t\t\t\t<div class=\"image-cover\" style=\"padding-top:56.25%;\">\n  \t\t\t\t\t\t\t<img width=\"425\" height=\"283\" src=\"https:\/\/dongnamtravel.vn\/wp-content\/uploads\/2021\/01\/br.jpg\" class=\"attachment-medium size-medium wp-post-image\" alt=\"\" decoding=\"async\" loading=\"lazy\" \/>  \t\t\t\t\t\t\t  \t\t\t\t\t\t\t  \t\t\t\t\t\t<\/div>\n  \t\t\t\t\t\t  \t\t\t\t\t<\/div>\n          \t\t\t\t\t<div class=\"box-text text-left\" >\n\t\t\t\t\t<div class=\"box-text-inner blog-post-inner\">\n\n\t\t\t\t\t\n\t\t\t\t\t\t\t\t\t\t<h5 class=\"post-title is-large \">Taxi Xe D\u1ecbch V\u1ee5 T\u1eeb V\u0169ng T\u00e0u \u0110i Ho\u00e0 Long (B\u00e0 R\u1ecba)<\/h5>\n\t\t\t\t\t\t\t\t\t\t<div class=\"is-divider\"><\/div>\n\t\t\t\t\t\t\t\t\t\t<p class=\"from_the_blog_excerpt \">B\u1ea3ng gi\u00e1 Taxi d\u1ecbch v\u1ee5 xe 7 ch\u1ed7 \u0111i Ho\u00e0 Long (B\u00e0 R\u1ecba) Ch\u00fang t\u00f4i...\t\t\t\t\t<\/p>\n\t\t\t\t\t                    \n\t\t\t\t\t\n\t\t\t\t\t\n\t\t\t\t\t<\/div>\n\t\t\t\t\t<\/div>\n\t\t\t\t\t\t\t\t\t<\/div>\n\t\t\t\t<\/a>\n\t\t\t<\/div>\n\t\t<\/div>\n\t\t<div class=\"col post-item\" >\n\t\t\t<div class=\"col-inner\">\n\t\t\t<a href=\"https:\/\/dongnamtravel.vn\/?p=896\" class=\"plain\">\n\t\t\t\t<div class=\"box box-normal box-text-bottom box-blog-post has-hover\">\n            \t\t\t\t\t<div class=\"box-image\" >\n  \t\t\t\t\t\t<div class=\"image-cover\" style=\"padding-top:56.25%;\">\n  \t\t\t\t\t\t\t<img width=\"533\" height=\"400\" src=\"https:\/\/dongnamtravel.vn\/wp-content\/uploads\/2021\/01\/d6e0c3b766394a228edfb1b2d76d8bc8-533x400.jpg\" class=\"attachment-medium size-medium wp-post-image\" alt=\"\" decoding=\"async\" loading=\"lazy\" srcset=\"https:\/\/dongnamtravel.vn\/wp-content\/uploads\/2021\/01\/d6e0c3b766394a228edfb1b2d76d8bc8-533x400.jpg 533w, https:\/\/dongnamtravel.vn\/wp-content\/uploads\/2021\/01\/d6e0c3b766394a228edfb1b2d76d8bc8.jpg 700w\" sizes=\"(max-width: 533px) 100vw, 533px\" \/>  \t\t\t\t\t\t\t  \t\t\t\t\t\t\t  \t\t\t\t\t\t<\/div>\n  \t\t\t\t\t\t  \t\t\t\t\t<\/div>\n          \t\t\t\t\t<div class=\"box-text text-left\" >\n\t\t\t\t\t<div class=\"box-text-inner blog-post-inner\">\n\n\t\t\t\t\t\n\t\t\t\t\t\t\t\t\t\t<h5 class=\"post-title is-large \">Taxi Xe D\u1ecbch V\u1ee5 T\u1eeb V\u0169ng T\u00e0u \u0110i TP H\u1ed3 Ch\u00ed Minh (S\u00e0i G\u00f2n)<\/h5>\n\t\t\t\t\t\t\t\t\t\t<div class=\"is-divider\"><\/div>\n\t\t\t\t\t\t\t\t\t\t<p class=\"from_the_blog_excerpt \">B\u1ea3ng gi\u00e1 Taxi d\u1ecbch v\u1ee5 xe 7 ch\u1ed7 \u0111i TP H\u1ed3 Ch\u00ed Minh (S\u00e0i G\u00f2n)...\t\t\t\t\t<\/p>\n\t\t\t\t\t                    \n\t\t\t\t\t\n\t\t\t\t\t\n\t\t\t\t\t<\/div>\n\t\t\t\t\t<\/div>\n\t\t\t\t\t\t\t\t\t<\/div>\n\t\t\t\t<\/a>\n\t\t\t<\/div>\n\t\t<\/div>\n\t\t<div class=\"col post-item\" >\n\t\t\t<div class=\"col-inner\">\n\t\t\t<a href=\"https:\/\/dongnamtravel.vn\/?p=874\" class=\"plain\">\n\t\t\t\t<div class=\"box box-normal box-text-bottom box-blog-post has-hover\">\n            \t\t\t\t\t<div class=\"box-image\" >\n  \t\t\t\t\t\t<div class=\"image-cover\" style=\"padding-top:56.25%;\">\n  \t\t\t\t\t\t\t<img width=\"425\" height=\"283\" src=\"https:\/\/dongnamtravel.vn\/wp-content\/uploads\/2021\/01\/br.jpg\" class=\"attachment-medium size-medium wp-post-image\" alt=\"\" decoding=\"async\" loading=\"lazy\" \/>  \t\t\t\t\t\t\t  \t\t\t\t\t\t\t  \t\t\t\t\t\t<\/div>\n  \t\t\t\t\t\t  \t\t\t\t\t<\/div>\n          \t\t\t\t\t<div class=\"box-text text-left\" >\n\t\t\t\t\t<div class=\"box-text-inner blog-post-inner\">\n\n\t\t\t\t\t\n\t\t\t\t\t\t\t\t\t\t<h5 class=\"post-title is-large \">Taxi Xe D\u1ecbch V\u1ee5 T\u1eeb V\u0169ng T\u00e0u \u0110i B\u00e0 R\u1ecba, Long S\u01a1n<\/h5>\n\t\t\t\t\t\t\t\t\t\t<div class=\"is-divider\"><\/div>\n\t\t\t\t\t\t\t\t\t\t<p class=\"from_the_blog_excerpt \">B\u1ea3ng gi\u00e1 ho\u1ea1t \u0111\u1ed9ng cho Taxi d\u1ecbch v\u1ee5 xe 7 ch\u1ed7 Ch\u00fang t\u00f4i c\u00f2n cung...\t\t\t\t\t<\/p>\n\t\t\t\t\t                    \n\t\t\t\t\t\n\t\t\t\t\t\n\t\t\t\t\t<\/div>\n\t\t\t\t\t<\/div>\n\t\t\t\t\t\t\t\t\t<\/div>\n\t\t\t\t<\/a>\n\t\t\t<\/div>\n\t\t<\/div>\n<\/div>\n\t\t<\/div>\n\t\t\t<\/div>\n\n\t\n\n\t<div id=\"col-1759188198\" class=\"col medium-3 small-12 large-3\"  >\n\t\t<div class=\"col-inner\"  >\n\t\t\t\n\t\t\t\n<ul class=\"sidebar-wrapper ul-reset\"><aside id=\"text-4\" class=\"widget widget_text\">\t\t\t<div class=\"textwidget\"><div class=\"wpcf7 no-js\" id=\"wpcf7-f5-o1\" lang=\"vi\" dir=\"ltr\">\n<div class=\"screen-reader-response\">\n<p role=\"status\" aria-live=\"polite\" aria-atomic=\"true\">\n<ul><\/ul>\n<\/div>\n<form action=\"\/index.php?rest_route=%2Fwp%2Fv2%2Fpages%2F892#wpcf7-f5-o1\" method=\"post\" class=\"wpcf7-form init\" aria-label=\"Contact form\" novalidate=\"novalidate\" data-status=\"init\">\n<div style=\"display: none;\">\n<input type=\"hidden\" name=\"_wpcf7\" value=\"5\" \/><br \/>\n<input type=\"hidden\" name=\"_wpcf7_version\" value=\"5.7.3\" \/><br \/>\n<input type=\"hidden\" name=\"_wpcf7_locale\" value=\"vi\" \/><br \/>\n<input type=\"hidden\" name=\"_wpcf7_unit_tag\" value=\"wpcf7-f5-o1\" \/><br \/>\n<input type=\"hidden\" name=\"_wpcf7_container_post\" value=\"0\" \/><br \/>\n<input type=\"hidden\" name=\"_wpcf7_posted_data_hash\" value=\"\" \/>\n<\/div>\n<h4>G\u1eccI <b><\/p>\n<p><a href=\"tel:0797322788\" style=\"color: red\">0797.322.788<\/a>\n\t\t<\/p>\n<p><\/b> \u0111\u1ec3 Taxi \u0110\u00f4ng Nam ph\u1ee5c v\u1ee5 b\u1ea1n !!!<br \/>\n<\/h4>\n<p><label><span class=\"wpcf7-form-control-wrap\" data-name=\"diem-don\"><input size=\"40\" class=\"wpcf7-form-control wpcf7-text wpcf7-validates-as-required\" aria-required=\"true\" aria-invalid=\"false\" placeholder=\"Nh\u1eadp \u0111i\u1ec3m \u0111\u00f3n\" value=\"\" type=\"text\" name=\"diem-don\" \/><\/span> <\/label><br \/>\n<label><span class=\"wpcf7-form-control-wrap\" data-name=\"diem-den\"><input size=\"40\" class=\"wpcf7-form-control wpcf7-text wpcf7-validates-as-required\" aria-required=\"true\" aria-invalid=\"false\" placeholder=\"Nh\u1eadp \u0111i\u1ec3m \u0111\u1ebfn\" value=\"\" type=\"text\" name=\"diem-den\" \/><\/span> <\/label><br \/>\n<label><span class=\"wpcf7-form-control-wrap\" data-name=\"your-phone\"><input size=\"40\" class=\"wpcf7-form-control wpcf7-text wpcf7-tel wpcf7-validates-as-required wpcf7-validates-as-tel\" aria-required=\"true\" aria-invalid=\"false\" placeholder=\"S\u1ed1 \u0111i\u1ec7n tho\u1ea1i:\" value=\"\" type=\"tel\" name=\"your-phone\" \/><\/span> <\/label><br \/>\n<label><span class=\"wpcf7-form-control-wrap\" data-name=\"your-name\"><input size=\"40\" class=\"wpcf7-form-control wpcf7-text\" aria-invalid=\"false\" placeholder=\"H\u1ecd v\u00e0 t\u00ean:\" value=\"\" type=\"text\" name=\"your-name\" \/><\/span> <\/label><br \/>\n<label><span class=\"wpcf7-form-control-wrap\" data-name=\"time-line\"><input size=\"40\" class=\"wpcf7-form-control wpcf7-text\" aria-invalid=\"false\" placeholder=\"Th\u1eddi gian: 8h ng\u00e0y 19\/10\/2022\" value=\"\" type=\"text\" name=\"time-line\" \/><\/span> <\/label><br \/>\n<label><span class=\"wpcf7-form-control-wrap\" data-name=\"ghi-chu\"><textarea cols=\"40\" rows=\"10\" class=\"wpcf7-form-control wpcf7-textarea\" aria-invalid=\"false\" placeholder=\"Ghi ch\u00fa: thu\u00ea xe 4,7 ch\u1ed7....\" name=\"ghi-chu\"><\/textarea><\/span> <\/label>\n<\/p>\n<p><input class=\"wpcf7-form-control has-spinner wpcf7-submit\" type=\"submit\" value=\"\u0110\u1eb6T XE\" \/>\n<\/p>\n<div class=\"wpcf7-response-output\" aria-hidden=\"true\"><\/div>\n<\/form>\n<\/div>\n<\/div>\n\t\t<\/aside>\t\t<aside id=\"flatsome_recent_posts-2\" class=\"widget flatsome_recent_posts\">\t\t<span class=\"widget-title \"><span>D\u1ecaCH V\u1ee4<\/span><\/span><div class=\"is-divider small\"><\/div>\t\t<ul>\t\t\n\t\t\n\t\t<li class=\"recent-blog-posts-li\">\n\t\t\t<div class=\"flex-row recent-blog-posts align-top pt-half pb-half\">\n\t\t\t\t<div class=\"flex-col mr-half\">\n\t\t\t\t\t<div class=\"badge post-date  badge-outline\">\n\t\t\t\t\t\t\t<div class=\"badge-inner bg-fill\" style=\"background: url(https:\/\/dongnamtravel.vn\/wp-content\/uploads\/2021\/01\/unnamed-280x280.jpg); border:0;\">\n                                \t\t\t\t\t\t\t<\/div>\n\t\t\t\t\t<\/div>\n\t\t\t\t<\/div>\n\t\t\t\t<div class=\"flex-col flex-grow\">\n\t\t\t\t\t  <a href=\"https:\/\/dongnamtravel.vn\/?p=907\" title=\"Taxi Xe D\u1ecbch V\u1ee5 T\u1eeb V\u0169ng T\u00e0u \u0110i Ch\u00e2u \u0110\u1ee9c (B\u00e0 R\u1ecba)\">Taxi Xe D\u1ecbch V\u1ee5 T\u1eeb V\u0169ng T\u00e0u \u0110i Ch\u00e2u \u0110\u1ee9c (B\u00e0 R\u1ecba)<\/a>\n\t\t\t\t   \t  <span class=\"post_comments op-7 block is-xsmall\"><a href=\"https:\/\/dongnamtravel.vn\/?p=907#respond\"><\/a><\/span>\n\t\t\t\t<\/div>\n\t\t\t<\/div>\n\t\t<\/li>\n\t\t\n\t\t\n\t\t<li class=\"recent-blog-posts-li\">\n\t\t\t<div class=\"flex-row recent-blog-posts align-top pt-half pb-half\">\n\t\t\t\t<div class=\"flex-col mr-half\">\n\t\t\t\t\t<div class=\"badge post-date  badge-outline\">\n\t\t\t\t\t\t\t<div class=\"badge-inner bg-fill\" style=\"background: url(https:\/\/dongnamtravel.vn\/wp-content\/uploads\/2021\/01\/vung-tau-280x280.jpg); border:0;\">\n                                \t\t\t\t\t\t\t<\/div>\n\t\t\t\t\t<\/div>\n\t\t\t\t<\/div>\n\t\t\t\t<div class=\"flex-col flex-grow\">\n\t\t\t\t\t  <a href=\"https:\/\/dongnamtravel.vn\/?p=905\" title=\"Taxi Xe D\u1ecbch V\u1ee5 T\u1eeb V\u0169ng T\u00e0u \u0110i H\u1ed3 Tr\u00e0m (Xuy\u00ean M\u1ed9c)\">Taxi Xe D\u1ecbch V\u1ee5 T\u1eeb V\u0169ng T\u00e0u \u0110i H\u1ed3 Tr\u00e0m (Xuy\u00ean M\u1ed9c)<\/a>\n\t\t\t\t   \t  <span class=\"post_comments op-7 block is-xsmall\"><a href=\"https:\/\/dongnamtravel.vn\/?p=905#respond\"><\/a><\/span>\n\t\t\t\t<\/div>\n\t\t\t<\/div>\n\t\t<\/li>\n\t\t\n\t\t\n\t\t<li class=\"recent-blog-posts-li\">\n\t\t\t<div class=\"flex-row recent-blog-posts align-top pt-half pb-half\">\n\t\t\t\t<div class=\"flex-col mr-half\">\n\t\t\t\t\t<div class=\"badge post-date  badge-outline\">\n\t\t\t\t\t\t\t<div class=\"badge-inner bg-fill\" style=\"background: url(https:\/\/dongnamtravel.vn\/wp-content\/uploads\/2021\/01\/dong-cuu-suoi-nghe-dia-diem-check-in-chup-anh-sieu-hot-o-vung-tau-5496-1511947769-5a1e7df9814d9-280x280.jpg); border:0;\">\n                                \t\t\t\t\t\t\t<\/div>\n\t\t\t\t\t<\/div>\n\t\t\t\t<\/div>\n\t\t\t\t<div class=\"flex-col flex-grow\">\n\t\t\t\t\t  <a href=\"https:\/\/dongnamtravel.vn\/?p=900\" title=\"Taxi Xe D\u1ecbch V\u1ee5 T\u1eeb V\u0169ng T\u00e0u \u0110i Su\u1ed1i Ngh\u1ec7 (B\u00e0 R\u1ecba)\">Taxi Xe D\u1ecbch V\u1ee5 T\u1eeb V\u0169ng T\u00e0u \u0110i Su\u1ed1i Ngh\u1ec7 (B\u00e0 R\u1ecba)<\/a>\n\t\t\t\t   \t  <span class=\"post_comments op-7 block is-xsmall\"><a href=\"https:\/\/dongnamtravel.vn\/?p=900#respond\"><\/a><\/span>\n\t\t\t\t<\/div>\n\t\t\t<\/div>\n\t\t<\/li>\n\t\t\n\t\t\n\t\t<li class=\"recent-blog-posts-li\">\n\t\t\t<div class=\"flex-row recent-blog-posts align-top pt-half pb-half\">\n\t\t\t\t<div class=\"flex-col mr-half\">\n\t\t\t\t\t<div class=\"badge post-date  badge-outline\">\n\t\t\t\t\t\t\t<div class=\"badge-inner bg-fill\" style=\"background: url(https:\/\/dongnamtravel.vn\/wp-content\/uploads\/2021\/01\/br-280x280.jpg); border:0;\">\n                                \t\t\t\t\t\t\t<\/div>\n\t\t\t\t\t<\/div>\n\t\t\t\t<\/div>\n\t\t\t\t<div class=\"flex-col flex-grow\">\n\t\t\t\t\t  <a href=\"https:\/\/dongnamtravel.vn\/?p=898\" title=\"Taxi Xe D\u1ecbch V\u1ee5 T\u1eeb V\u0169ng T\u00e0u \u0110i Ho\u00e0 Long (B\u00e0 R\u1ecba)\">Taxi Xe D\u1ecbch V\u1ee5 T\u1eeb V\u0169ng T\u00e0u \u0110i Ho\u00e0 Long (B\u00e0 R\u1ecba)<\/a>\n\t\t\t\t   \t  <span class=\"post_comments op-7 block is-xsmall\"><a href=\"https:\/\/dongnamtravel.vn\/?p=898#respond\"><\/a><\/span>\n\t\t\t\t<\/div>\n\t\t\t<\/div>\n\t\t<\/li>\n\t\t\n\t\t\n\t\t<li class=\"recent-blog-posts-li\">\n\t\t\t<div class=\"flex-row recent-blog-posts align-top pt-half pb-half\">\n\t\t\t\t<div class=\"flex-col mr-half\">\n\t\t\t\t\t<div class=\"badge post-date  badge-outline\">\n\t\t\t\t\t\t\t<div class=\"badge-inner bg-fill\" style=\"background: url(https:\/\/dongnamtravel.vn\/wp-content\/uploads\/2021\/01\/d6e0c3b766394a228edfb1b2d76d8bc8-280x280.jpg); border:0;\">\n                                \t\t\t\t\t\t\t<\/div>\n\t\t\t\t\t<\/div>\n\t\t\t\t<\/div>\n\t\t\t\t<div class=\"flex-col flex-grow\">\n\t\t\t\t\t  <a href=\"https:\/\/dongnamtravel.vn\/?p=896\" title=\"Taxi Xe D\u1ecbch V\u1ee5 T\u1eeb V\u0169ng T\u00e0u \u0110i TP H\u1ed3 Ch\u00ed Minh (S\u00e0i G\u00f2n)\">Taxi Xe D\u1ecbch V\u1ee5 T\u1eeb V\u0169ng T\u00e0u \u0110i TP H\u1ed3 Ch\u00ed Minh (S\u00e0i G\u00f2n)<\/a>\n\t\t\t\t   \t  <span class=\"post_comments op-7 block is-xsmall\"><a href=\"https:\/\/dongnamtravel.vn\/?p=896#respond\"><\/a><\/span>\n\t\t\t\t<\/div>\n\t\t\t<\/div>\n\t\t<\/li>\n\t\t\t\t<\/ul>\t\t<\/aside><aside id=\"text-2\" class=\"widget widget_text\">\t\t\t<div class=\"textwidget\">[contact-form-7 404 \"Not Found\"]\n<\/div>\n\t\t<\/aside><\/ul>\n\t\t<\/div>\n\t\t\t<\/div>\n\n\t\n<\/div>\n","protected":false},"excerpt":{"rendered":"","protected":false},"author":3,"featured_media":0,"parent":0,"menu_order":0,"comment_status":"closed","ping_status":"closed","template":"page-blank.php","meta":[],"yoast_head":"<!-- This site is optimized with the Yoast SEO plugin v20.1 - https:\/\/yoast.com\/wordpress\/plugins\/seo\/ -->\n<title>D\u1ecbch V\u1ee5 - \u0110\u00f4ng Nam Travel<\/title>\n<meta name=\"robots\" content=\"index, follow, max-snippet:-1, max-image-preview:large, max-video-preview:-1\" \/>\n<link rel=\"canonical\" href=\"https:\/\/dongnamtravel.vn\/?page_id=892\" \/>\n<meta property=\"og:locale\" content=\"vi_VN\" \/>\n<meta property=\"og:type\" content=\"article\" \/>\n<meta property=\"og:title\" content=\"D\u1ecbch V\u1ee5 - \u0110\u00f4ng Nam Travel\" \/>\n<meta property=\"og:url\" content=\"https:\/\/dongnamtravel.vn\/?page_id=892\" \/>\n<meta property=\"og:site_name\" content=\"\u0110\u00f4ng Nam Travel\" \/>\n<meta property=\"article:modified_time\" content=\"2021-01-27T07:27:11+00:00\" \/>\n<meta property=\"og:image\" content=\"https:\/\/dongnamtravel.vn\/wp-content\/uploads\/2021\/01\/taxi.jpg\" \/>\n\t<meta property=\"og:image:width\" content=\"853\" \/>\n\t<meta property=\"og:image:height\" content=\"480\" \/>\n\t<meta property=\"og:image:type\" content=\"image\/jpeg\" \/>\n<meta name=\"twitter:card\" content=\"summary_large_image\" \/>\n<script type=\"application\/ld+json\" class=\"yoast-schema-graph\">{\"@context\":\"https:\/\/schema.org\",\"@graph\":[{\"@type\":\"WebPage\",\"@id\":\"https:\/\/dongnamtravel.vn\/?page_id=892\",\"url\":\"https:\/\/dongnamtravel.vn\/?page_id=892\",\"name\":\"D\u1ecbch V\u1ee5 - \u0110\u00f4ng Nam Travel\",\"isPartOf\":{\"@id\":\"https:\/\/dongnamtravel.vn\/#website\"},\"datePublished\":\"2021-01-26T11:40:26+00:00\",\"dateModified\":\"2021-01-27T07:27:11+00:00\",\"breadcrumb\":{\"@id\":\"https:\/\/dongnamtravel.vn\/?page_id=892#breadcrumb\"},\"inLanguage\":\"vi\",\"potentialAction\":[{\"@type\":\"ReadAction\",\"target\":[\"https:\/\/dongnamtravel.vn\/?page_id=892\"]}]},{\"@type\":\"BreadcrumbList\",\"@id\":\"https:\/\/dongnamtravel.vn\/?page_id=892#breadcrumb\",\"itemListElement\":[{\"@type\":\"ListItem\",\"position\":1,\"name\":\"Trang ch\u1ee7\",\"item\":\"https:\/\/dongnamtravel.vn\/\"},{\"@type\":\"ListItem\",\"position\":2,\"name\":\"D\u1ecbch V\u1ee5\"}]},{\"@type\":\"WebSite\",\"@id\":\"https:\/\/dongnamtravel.vn\/#website\",\"url\":\"https:\/\/dongnamtravel.vn\/\",\"name\":\"T\u1ed5ng \u0110\u00e0i Taxi V\u0169ng T\u00e0u Gi\u00e1 R\u1ebb\",\"description\":\"T\u00e0i X\u1ebf Vui V\u1ebb - Kho\u1ebb C\u1ea3 H\u00e0nh Tr\u00ecnh\",\"potentialAction\":[{\"@type\":\"SearchAction\",\"target\":{\"@type\":\"EntryPoint\",\"urlTemplate\":\"https:\/\/dongnamtravel.vn\/?s={search_term_string}\"},\"query-input\":\"required name=search_term_string\"}],\"inLanguage\":\"vi\"}]}<\/script>\n<!-- \/ Yoast SEO plugin. -->","yoast_head_json":{"title":"D\u1ecbch V\u1ee5 - \u0110\u00f4ng Nam Travel","robots":{"index":"index","follow":"follow","max-snippet":"max-snippet:-1","max-image-preview":"max-image-preview:large","max-video-preview":"max-video-preview:-1"},"canonical":"https:\/\/dongnamtravel.vn\/?page_id=892","og_locale":"vi_VN","og_type":"article","og_title":"D\u1ecbch V\u1ee5 - \u0110\u00f4ng Nam Travel","og_url":"https:\/\/dongnamtravel.vn\/?page_id=892","og_site_name":"\u0110\u00f4ng Nam Travel","article_modified_time":"2021-01-27T07:27:11+00:00","og_image":[{"width":853,"height":480,"url":"https:\/\/dongnamtravel.vn\/wp-content\/uploads\/2021\/01\/taxi.jpg","type":"image\/jpeg"}],"twitter_card":"summary_large_image","schema":{"@context":"https:\/\/schema.org","@graph":[{"@type":"WebPage","@id":"https:\/\/dongnamtravel.vn\/?page_id=892","url":"https:\/\/dongnamtravel.vn\/?page_id=892","name":"D\u1ecbch V\u1ee5 - \u0110\u00f4ng Nam Travel","isPartOf":{"@id":"https:\/\/dongnamtravel.vn\/#website"},"datePublished":"2021-01-26T11:40:26+00:00","dateModified":"2021-01-27T07:27:11+00:00","breadcrumb":{"@id":"https:\/\/dongnamtravel.vn\/?page_id=892#breadcrumb"},"inLanguage":"vi","potentialAction":[{"@type":"ReadAction","target":["https:\/\/dongnamtravel.vn\/?page_id=892"]}]},{"@type":"BreadcrumbList","@id":"https:\/\/dongnamtravel.vn\/?page_id=892#breadcrumb","itemListElement":[{"@type":"ListItem","position":1,"name":"Trang ch\u1ee7","item":"https:\/\/dongnamtravel.vn\/"},{"@type":"ListItem","position":2,"name":"D\u1ecbch V\u1ee5"}]},{"@type":"WebSite","@id":"https:\/\/dongnamtravel.vn\/#website","url":"https:\/\/dongnamtravel.vn\/","name":"T\u1ed5ng \u0110\u00e0i Taxi V\u0169ng T\u00e0u Gi\u00e1 R\u1ebb","description":"T\u00e0i X\u1ebf Vui V\u1ebb - Kho\u1ebb C\u1ea3 H\u00e0nh Tr\u00ecnh","potentialAction":[{"@type":"SearchAction","target":{"@type":"EntryPoint","urlTemplate":"https:\/\/dongnamtravel.vn\/?s={search_term_string}"},"query-input":"required name=search_term_string"}],"inLanguage":"vi"}]}},"_links":{"self":[{"href":"https:\/\/dongnamtravel.vn\/index.php?rest_route=\/wp\/v2\/pages\/892"}],"collection":[{"href":"https:\/\/dongnamtravel.vn\/index.php?rest_route=\/wp\/v2\/pages"}],"about":[{"href":"https:\/\/dongnamtravel.vn\/index.php?rest_route=\/wp\/v2\/types\/page"}],"author":[{"embeddable":true,"href":"https:\/\/dongnamtravel.vn\/index.php?rest_route=\/wp\/v2\/users\/3"}],"replies":[{"embeddable":true,"href":"https:\/\/dongnamtravel.vn\/index.php?rest_route=%2Fwp%2Fv2%2Fcomments&post=892"}],"version-history":[{"count":0,"href":"https:\/\/dongnamtravel.vn\/index.php?rest_route=\/wp\/v2\/pages\/892\/revisions"}],"wp:attachment":[{"href":"https:\/\/dongnamtravel.vn\/index.php?rest_route=%2Fwp%2Fv2%2Fmedia&parent=892"}],"curies":[{"name":"wp","href":"https:\/\/api.w.org\/{rel}","templated":true}]}}